{"id":149,"date":"2017-07-26T00:00:00","date_gmt":"2017-07-26T00:00:00","guid":{"rendered":"http:\/\/sscn.de\/awpcp-support-website\/"},"modified":"2017-07-26T18:44:18","modified_gmt":"2017-07-26T18:44:18","slug":"kleinanzeigen-2","status":"publish","type":"page","link":"https:\/\/www.sscn.de\/?page_id=149","title":{"rendered":"Kleinanzeigen"},"content":{"rendered":"<div id=\"fb-root\"><\/div>\n<div id=\"classiwrapper\"><div class=\"uiwelcome\">Hier k\u00f6nnen kostenlos Kleinanzeigen ohne gewerblichen Inhalt geschaltet werden. Die Laufzeit der Anzeigen betr\u00e4gt h\u00f6chstens 8 Wochen. Sie erhalten aber vor Ablauf dieser Zeit eine email mit der sie das Angebot verl\u00e4ngern k\u00f6nnen.\r\nEs werden nur Anzeigen mit Bezug auf Schlittenhunde und den Schlittenhundesport angenommen. Andere Anzeigen werden grunds\u00e4tzlich nicht ver\u00f6ffentlicht.<\/div>\n<div class=\"awpcp-classifieds-search-bar\" data-breakpoints='{\"tiny\": [0,450]}' data-breakpoints-class-prefix=\"awpcp-classifieds-search-bar\">\n    <form action=\"https:\/\/www.sscn.de\/?page_id=156\" method=\"get\">\n                    <input type=\"hidden\" name=\"page_id\" value=\"156\" \/>\n                <input type=\"hidden\" name=\"awpcp-step\" value=\"dosearch\" \/>\n        <div class=\"awpcp-classifieds-search-bar--query-field\">\n            <label class=\"screen-reader-text\" for=\"awpcp-search-query-field\">Suche nach:<\/label>\n            <input id=\"awpcp-search-query-field\" type=\"text\" name=\"keywordphrase\" \/>\n        <\/div>\n        <div class=\"awpcp-classifieds-search-bar--submit-button\">\n            <input class=\"button\" type=\"submit\" value=\"Suche in Anzeigen\" \/>\n        <\/div>\n        <div class=\"awpcp-classifieds-search-bar--advanced-search-link\"><a href=\"https:\/\/www.sscn.de\/?page_id=156\">Erweiterte Suche <\/a><\/div>\n    <\/form>\n<\/div>\n<ul class=\"awpcp-classifieds-menu awpcp-clearfix\" data-breakpoints='{\"tiny\": [0,400], \"small\": [400,500]}' data-breakpoints-class-prefix=\"awpcp-classifieds-menu\">\n    <li class=\"awpcp-classifieds-menu--menu-item awpcp-classifieds-menu--post-listing-menu-item\">\n        <a class=\"awpcp-classifieds-menu--menu-item-link button\" href=\"https:\/\/www.sscn.de\/?page_id=153\">Anzeige erstellen<\/a>\n    <\/li>\n    <li class=\"awpcp-classifieds-menu--menu-item awpcp-classifieds-menu--edit-listing-menu-item\">\n        <a class=\"awpcp-classifieds-menu--menu-item-link button\" href=\"https:\/\/www.sscn.de\/?page_id=152\">Anzeige editieren<\/a>\n    <\/li>\n    <li class=\"awpcp-classifieds-menu--menu-item awpcp-classifieds-menu--browse-listings-menu-item\">\n        <a class=\"awpcp-classifieds-menu--menu-item-link button\" href=\"https:\/\/www.sscn.de\/?page_id=155\">Anzeige Durchsuchen<\/a>\n    <\/li>\n    <li class=\"awpcp-classifieds-menu--menu-item awpcp-classifieds-menu--search-listings-menu-item\">\n        <a class=\"awpcp-classifieds-menu--menu-item-link button\" href=\"https:\/\/www.sscn.de\/?page_id=156\">Anzeige Suchen<\/a>\n    <\/li>\n<\/ul>\n<div class=\"classifiedcats\"><div id=\"awpcpcatlayout\" class=\"awpcp-categories-list\"><ul class=\"top-level-categories showcategoriesmainlist clearfix\"><li class=\"columns-2\"><p class=\"top-level-category maincategoryclass\"><a class=\"toplevelitem\" href=\"https:\/\/www.sscn.de\/?page_id=155&amp;awpcp_category_id=11\">Biete<\/a> (1)<\/p><\/li><li class=\"columns-2\"><p class=\"top-level-category maincategoryclass\"><a class=\"toplevelitem\" href=\"https:\/\/www.sscn.de\/?page_id=155&amp;awpcp_category_id=12\">Suche<\/a> (0)<\/p><\/li><\/ul><\/div><div class=\"fixfloat\"><\/div><\/div><\/div>\n","protected":false},"excerpt":{"rendered":"","protected":false},"author":1,"featured_media":0,"parent":0,"menu_order":0,"comment_status":"closed","ping_status":"closed","template":"","meta":{"pgc_sgb_lightbox_settings":"","_EventAllDay":false,"_EventTimezone":"","_EventStartDate":"","_EventEndDate":"","_EventStartDateUTC":"","_EventEndDateUTC":"","_EventShowMap":false,"_EventShowMapLink":false,"_EventURL":"","_EventCost":"","_EventCostDescription":"","_EventCurrencySymbol":"","_EventCurrencyCode":"","_EventCurrencyPosition":"","_EventDateTimeSeparator":"","_EventTimeRangeSeparator":"","_EventOrganizerID":[],"_EventVenueID":[],"_OrganizerEmail":"","_OrganizerPhone":"","_OrganizerWebsite":"","_VenueAddress":"","_VenueCity":"","_VenueCountry":"","_VenueProvince":"","_VenueState":"","_VenueZip":"","_VenuePhone":"","_VenueURL":"","_VenueStateProvince":"","_VenueLat":"","_VenueLng":"","_VenueShowMap":false,"_VenueShowMapLink":false,"jetpack_post_was_ever_published":false,"footnotes":""},"class_list":["post-149","page","type-page","status-publish","hentry"],"jetpack_sharing_enabled":true,"jetpack_shortlink":"https:\/\/wp.me\/P90V96-2p","jetpack_likes_enabled":true,"_links":{"self":[{"href":"https:\/\/www.sscn.de\/index.php?rest_route=\/wp\/v2\/pages\/149","targetHints":{"allow":["GET"]}}],"collection":[{"href":"https:\/\/www.sscn.de\/index.php?rest_route=\/wp\/v2\/pages"}],"about":[{"href":"https:\/\/www.sscn.de\/index.php?rest_route=\/wp\/v2\/types\/page"}],"author":[{"embeddable":true,"href":"https:\/\/www.sscn.de\/index.php?rest_route=\/wp\/v2\/users\/1"}],"replies":[{"embeddable":true,"href":"https:\/\/www.sscn.de\/index.php?rest_route=%2Fwp%2Fv2%2Fcomments&post=149"}],"version-history":[{"count":1,"href":"https:\/\/www.sscn.de\/index.php?rest_route=\/wp\/v2\/pages\/149\/revisions"}],"predecessor-version":[{"id":159,"href":"https:\/\/www.sscn.de\/index.php?rest_route=\/wp\/v2\/pages\/149\/revisions\/159"}],"wp:attachment":[{"href":"https:\/\/www.sscn.de\/index.php?rest_route=%2Fwp%2Fv2%2Fmedia&parent=149"}],"curies":[{"name":"wp","href":"https:\/\/api.w.org\/{rel}","templated":true}]}}