{"id":155,"date":"2017-07-26T00:00:00","date_gmt":"2017-07-26T00:00:00","guid":{"rendered":"http:\/\/sscn.de\/awpcp-support-website\/browse-ads\/"},"modified":"2017-07-26T17:55:45","modified_gmt":"2017-07-26T17:55:45","slug":"anzeige-durchsuchen","status":"publish","type":"page","link":"https:\/\/www.sscn.de\/?page_id=155","title":{"rendered":"Anzeige Durchsuchen"},"content":{"rendered":"<div id=\"fb-root\"><\/div>\n<div class=\"awpcp-browse-ads awpcp-page\" id=\"classiwrapper\">\n    \n        <div class=\"uiwelcome\">Hier k\u00f6nnen kostenlos Kleinanzeigen ohne gewerblichen Inhalt geschaltet werden. Die Laufzeit der Anzeigen betr\u00e4gt h\u00f6chstens 8 Wochen. Sie erhalten aber vor Ablauf dieser Zeit eine email mit der sie das Angebot verl\u00e4ngern k\u00f6nnen.\r\nEs werden nur Anzeigen mit Bezug auf Schlittenhunde und den Schlittenhundesport angenommen. Andere Anzeigen werden grunds\u00e4tzlich nicht ver\u00f6ffentlicht.<\/div>\n    \n        \n<div class=\"awpcp-classifieds-search-bar\" data-breakpoints='{\"tiny\": [0,450]}' data-breakpoints-class-prefix=\"awpcp-classifieds-search-bar\">\n    <form action=\"https:\/\/www.sscn.de\/?page_id=156\" method=\"get\">\n                    <input type=\"hidden\" name=\"page_id\" value=\"156\" \/>\n                <input type=\"hidden\" name=\"awpcp-step\" value=\"dosearch\" \/>\n        <div class=\"awpcp-classifieds-search-bar--query-field\">\n            <label class=\"screen-reader-text\" for=\"awpcp-search-query-field\">Suche nach:<\/label>\n            <input id=\"awpcp-search-query-field\" type=\"text\" name=\"keywordphrase\" \/>\n        <\/div>\n        <div class=\"awpcp-classifieds-search-bar--submit-button\">\n            <input class=\"button\" type=\"submit\" value=\"Suche in Anzeigen\" \/>\n        <\/div>\n        <div class=\"awpcp-classifieds-search-bar--advanced-search-link\"><a href=\"https:\/\/www.sscn.de\/?page_id=156\">Erweiterte Suche <\/a><\/div>\n    <\/form>\n<\/div>\n<ul class=\"awpcp-classifieds-menu awpcp-clearfix\" data-breakpoints='{\"tiny\": [0,400], \"small\": [400,500]}' data-breakpoints-class-prefix=\"awpcp-classifieds-menu\">\n    <li class=\"awpcp-classifieds-menu--menu-item awpcp-classifieds-menu--post-listing-menu-item\">\n        <a class=\"awpcp-classifieds-menu--menu-item-link button\" href=\"https:\/\/www.sscn.de\/?page_id=153\">Anzeige erstellen<\/a>\n    <\/li>\n    <li class=\"awpcp-classifieds-menu--menu-item awpcp-classifieds-menu--edit-listing-menu-item\">\n        <a class=\"awpcp-classifieds-menu--menu-item-link button\" href=\"https:\/\/www.sscn.de\/?page_id=152\">Anzeige editieren<\/a>\n    <\/li>\n    <li class=\"awpcp-classifieds-menu--menu-item awpcp-classifieds-menu--browse-listings-menu-item\">\n        <a class=\"awpcp-classifieds-menu--menu-item-link button\" href=\"https:\/\/www.sscn.de\/?page_id=155\">Anzeige Durchsuchen<\/a>\n    <\/li>\n    <li class=\"awpcp-classifieds-menu--menu-item awpcp-classifieds-menu--search-listings-menu-item\">\n        <a class=\"awpcp-classifieds-menu--menu-item-link button\" href=\"https:\/\/www.sscn.de\/?page_id=156\">Anzeige Suchen<\/a>\n    <\/li>\n<\/ul>\n    \n    <form class=\"awpcp-category-switcher\" method=\"post\" action=\"https:\/\/www.sscn.de\/?page_id=155\">\n        <input type=\"hidden\" name=\"offset\" value=\"0\" \/>\n    \n    <div class=\"awpcp-category-dropdown-container\">\n        <label class=\"awpcp-category-dropdown-label\" for=\"awpcp-category-dropdown-69f479a8aa387\">Kategorie<\/label>\n\n\n<select id=\"awpcp-category-dropdown-69f479a8aa387\" class=\"awpcp-category-dropdown awpcp-dropdown \" name=\"awpcp_category_id\" data-hash=\"69f479a8aa387\" placeholder=\"Alle Kategorien\" data-auto=\"auto\" style=\"width: 100%\">\n        <option class=\"awpcp-dropdown-placeholder\">Alle Kategorien<\/option>\n    <option class=\"dropdownparentcategory\" value=\"11\">Biete<\/option><\/select>\n\n\n<script type=\"text\/javascript\">var categories_69f479a8aa387 = {\"mode\":\"basic\",\"select2\":{\"containerCssClass\":\"awpcp-category-dropdown-selection\",\"dropdownCssClass\":\"awpcp-category-dropdown-options\",\"allowClear\":true,\"placeholder\":\"Alle Kategorien\",\"maximumSelectionLength\":100},\"selectedCategoriesIds\":[],\"categoriesHierarchy\":{\"root\":[{\"term_id\":11,\"name\":\"Biete\",\"slug\":\"biete\",\"term_group\":0,\"term_taxonomy_id\":11,\"taxonomy\":\"awpcp_listing_category\",\"description\":\"\",\"parent\":0,\"count\":1,\"filter\":\"raw\"}]},\"paymentTerms\":[],\"subcategoryLabel\":\"W\\u00e4hlen Sie eine Unterkategorie\"};<\/script>\n    <\/div>\n<\/form>\n<div class=\"awpcp-pagination pager\">\n    \n    <\/div>\n\n    <div class=\"awpcp-listings awpcp-clearboth\">\n        <div class=\"awpcp-listing-excerpt displayaditemseven $isfeaturedclass\" data-breakpoints-class-prefix=\"awpcp-listing-excerpt\" data-breakpoints='{\"tiny\": [0,328], \"small\": [328,600], \"medium\": [600,999999]}'>\r\n    <div class=\"awpcp-listing-excerpt-thumbnail\">\r\n        <a class=\"awpcp-listing-primary-image-listing-link\" href=\"https:\/\/www.sscn.de\/?page_id=150&#038;id=29437\"><img loading=\"lazy\" decoding=\"async\" width=\"80\" height=\"80\" src=\"https:\/\/i0.wp.com\/www.sscn.de\/wp-content\/uploads\/2023\/11\/img-20230910-wa0024-08fd6ccc.jpg?resize=80%2C80&amp;ssl=1\" class=\"awpcp-listing-primary-image-thumbnail\" alt=\"Pickup Boxenaufbau von WT-Metall\" style=\"width: 80px;\" srcset=\"https:\/\/i0.wp.com\/www.sscn.de\/wp-content\/uploads\/2023\/11\/img-20230910-wa0024-08fd6ccc.jpg?resize=150%2C150&amp;ssl=1 150w, https:\/\/i0.wp.com\/www.sscn.de\/wp-content\/uploads\/2023\/11\/img-20230910-wa0024-08fd6ccc.jpg?resize=125%2C125&amp;ssl=1 125w, https:\/\/i0.wp.com\/www.sscn.de\/wp-content\/uploads\/2023\/11\/img-20230910-wa0024-08fd6ccc.jpg?resize=200%2C200&amp;ssl=1 200w, https:\/\/i0.wp.com\/www.sscn.de\/wp-content\/uploads\/2023\/11\/img-20230910-wa0024-08fd6ccc.jpg?resize=80%2C80&amp;ssl=1 80w\" sizes=\"auto, (max-width: 80px) 100vw, 80px\" data-attachment-id=\"29438\" data-permalink=\"https:\/\/www.sscn.de\/?attachment_id=29438\" data-orig-file=\"https:\/\/i0.wp.com\/www.sscn.de\/wp-content\/uploads\/2023\/11\/img-20230910-wa0024-08fd6ccc.jpg?fit=2048%2C1536&amp;ssl=1\" data-orig-size=\"2048,1536\" data-comments-opened=\"1\" data-image-meta=\"{&quot;aperture&quot;:&quot;0&quot;,&quot;credit&quot;:&quot;&quot;,&quot;camera&quot;:&quot;&quot;,&quot;caption&quot;:&quot;&quot;,&quot;created_timestamp&quot;:&quot;0&quot;,&quot;copyright&quot;:&quot;&quot;,&quot;focal_length&quot;:&quot;0&quot;,&quot;iso&quot;:&quot;0&quot;,&quot;shutter_speed&quot;:&quot;0&quot;,&quot;title&quot;:&quot;&quot;,&quot;orientation&quot;:&quot;0&quot;}\" data-image-title=\"img-20230910-wa0024-08fd6ccc\" data-image-description=\"\" data-image-caption=\"\" data-large-file=\"https:\/\/i0.wp.com\/www.sscn.de\/wp-content\/uploads\/2023\/11\/img-20230910-wa0024-08fd6ccc.jpg?fit=780%2C585&amp;ssl=1\" \/><\/a>\r\n    <\/div>\r\n    <div class=\"awpcp-listing-excerpt-inner\" style=\"w\">\r\n        <h4 class=\"awpcp-listing-title\"><a href=\"https:\/\/www.sscn.de\/?page_id=150&amp;id=29437\">Pickup Boxenaufbau von WT-Metall<\/a><\/h4>\r\n        <div class=\"awpcp-listing-excerpt-content\">8 Einzelboxen, 2 Aussent\u00fcren und 4 Innent\u00fcren pro Seite, 2 Dachventilatoren mit 12 Volt-Stecker, Riffelblech auf dem Dach, 6 Zurr-&hellip;<\/div>\r\n    <\/div>\r\n    <div class=\"awpcp-listing-excerpt-extra\">\r\n        26\/11\/2023<br\/>\r\n        \r\n        \r\n        Aufrufe: 288<br\/>\r\n        Preis: \u20ac 4.000,00\r\n        \r\n    <\/div>\r\n    <span class=\"fixfloat\"><\/span>\r\n<\/div>\r\n<div class=\"fixfloat\"><\/div>    <\/div>\n\n    <div class=\"awpcp-pagination pager\">\n    \n        <form class=\"awpcp-pagination-form\" method=\"get\">\n        <input type=\"hidden\" name=\"rest_route\" value=\"\/wp\/v2\/pages\/155\" \/>\n        \n        <label for=\"awpcp-pagination-results-0-69946900-1777629608\">Anzeigen pro Seite<\/label>\n\n        <select id=\"awpcp-pagination-results-0-69946900-1777629608\" name=\"results\">\n                                <option value=\"5\">5<\/option>\n                                            <option value=\"10\" selected=\"selected\">10<\/option>\n                                            <option value=\"20\">20<\/option>\n                                            <option value=\"30\">30<\/option>\n                                            <option value=\"40\">40<\/option>\n                                            <option value=\"50\">50<\/option>\n                                            <option value=\"60\">60<\/option>\n                                            <option value=\"70\">70<\/option>\n                                            <option value=\"80\">80<\/option>\n                                            <option value=\"90\">90<\/option>\n                                            <option value=\"100\">100<\/option>\n                                            <option value=\"500\">500<\/option>\n                            <\/select>\n\n            <\/form>\n    <\/div>\n<\/div>\n\n","protected":false},"excerpt":{"rendered":"","protected":false},"author":1,"featured_media":0,"parent":149,"menu_order":0,"comment_status":"closed","ping_status":"closed","template":"","meta":{"pgc_sgb_lightbox_settings":"","_EventAllDay":false,"_EventTimezone":"","_EventStartDate":"","_EventEndDate":"","_EventStartDateUTC":"","_EventEndDateUTC":"","_EventShowMap":false,"_EventShowMapLink":false,"_EventURL":"","_EventCost":"","_EventCostDescription":"","_EventCurrencySymbol":"","_EventCurrencyCode":"","_EventCurrencyPosition":"","_EventDateTimeSeparator":"","_EventTimeRangeSeparator":"","_EventOrganizerID":[],"_EventVenueID":[],"_OrganizerEmail":"","_OrganizerPhone":"","_OrganizerWebsite":"","_VenueAddress":"","_VenueCity":"","_VenueCountry":"","_VenueProvince":"","_VenueState":"","_VenueZip":"","_VenuePhone":"","_VenueURL":"","_VenueStateProvince":"","_VenueLat":"","_VenueLng":"","_VenueShowMap":false,"_VenueShowMapLink":false,"jetpack_post_was_ever_published":false,"footnotes":""},"class_list":["post-155","page","type-page","status-publish","hentry"],"jetpack_sharing_enabled":true,"jetpack_shortlink":"https:\/\/wp.me\/P90V96-2v","jetpack_likes_enabled":true,"_links":{"self":[{"href":"https:\/\/www.sscn.de\/index.php?rest_route=\/wp\/v2\/pages\/155","targetHints":{"allow":["GET"]}}],"collection":[{"href":"https:\/\/www.sscn.de\/index.php?rest_route=\/wp\/v2\/pages"}],"about":[{"href":"https:\/\/www.sscn.de\/index.php?rest_route=\/wp\/v2\/types\/page"}],"author":[{"embeddable":true,"href":"https:\/\/www.sscn.de\/index.php?rest_route=\/wp\/v2\/users\/1"}],"replies":[{"embeddable":true,"href":"https:\/\/www.sscn.de\/index.php?rest_route=%2Fwp%2Fv2%2Fcomments&post=155"}],"version-history":[{"count":1,"href":"https:\/\/www.sscn.de\/index.php?rest_route=\/wp\/v2\/pages\/155\/revisions"}],"predecessor-version":[{"id":165,"href":"https:\/\/www.sscn.de\/index.php?rest_route=\/wp\/v2\/pages\/155\/revisions\/165"}],"up":[{"embeddable":true,"href":"https:\/\/www.sscn.de\/index.php?rest_route=\/wp\/v2\/pages\/149"}],"wp:attachment":[{"href":"https:\/\/www.sscn.de\/index.php?rest_route=%2Fwp%2Fv2%2Fmedia&parent=155"}],"curies":[{"name":"wp","href":"https:\/\/api.w.org\/{rel}","templated":true}]}}