{"id":2793,"date":"2018-09-09T18:02:51","date_gmt":"2018-09-09T16:02:51","guid":{"rendered":"http:\/\/www.sscn.de\/?page_id=2793"},"modified":"2018-09-09T18:02:51","modified_gmt":"2018-09-09T16:02:51","slug":"norddeutsche-meisterschaft-2018-2019","status":"publish","type":"page","link":"https:\/\/www.sscn.de\/?page_id=2793","title":{"rendered":"Norddeutsche Meisterschaft 2018\/2019"},"content":{"rendered":"<div id=\"fb-root\"><\/div>\n<p><img data-recalc-dims=\"1\" loading=\"lazy\" decoding=\"async\" data-attachment-id=\"2779\" data-permalink=\"https:\/\/www.sscn.de\/?attachment_id=2779\" data-orig-file=\"https:\/\/i0.wp.com\/www.sscn.de\/wp-content\/uploads\/2018\/09\/NDMLogo_2018_2019.jpg?fit=1000%2C849&amp;ssl=1\" data-orig-size=\"1000,849\" data-comments-opened=\"1\" data-image-meta=\"{&quot;aperture&quot;:&quot;0&quot;,&quot;credit&quot;:&quot;&quot;,&quot;camera&quot;:&quot;&quot;,&quot;caption&quot;:&quot;&quot;,&quot;created_timestamp&quot;:&quot;0&quot;,&quot;copyright&quot;:&quot;&quot;,&quot;focal_length&quot;:&quot;0&quot;,&quot;iso&quot;:&quot;0&quot;,&quot;shutter_speed&quot;:&quot;0&quot;,&quot;title&quot;:&quot;&quot;,&quot;orientation&quot;:&quot;1&quot;}\" data-image-title=\"NDMLogo_2018_2019\" data-image-description=\"\" data-image-caption=\"\" data-large-file=\"https:\/\/i0.wp.com\/www.sscn.de\/wp-content\/uploads\/2018\/09\/NDMLogo_2018_2019.jpg?fit=780%2C662&amp;ssl=1\" width=\"300\" height=\"255\" class=\"alignleft wp-image-2779 size-medium\" alt=\"\" src=\"https:\/\/i0.wp.com\/www.sscn.de\/wp-content\/uploads\/2018\/09\/NDMLogo_2018_2019.jpg?resize=300%2C255\" srcset=\"https:\/\/i0.wp.com\/www.sscn.de\/wp-content\/uploads\/2018\/09\/NDMLogo_2018_2019.jpg?resize=300%2C255&amp;ssl=1 300w, https:\/\/i0.wp.com\/www.sscn.de\/wp-content\/uploads\/2018\/09\/NDMLogo_2018_2019.jpg?resize=768%2C652&amp;ssl=1 768w, https:\/\/i0.wp.com\/www.sscn.de\/wp-content\/uploads\/2018\/09\/NDMLogo_2018_2019.jpg?w=1000&amp;ssl=1 1000w\" sizes=\"auto, (max-width: 300px) 100vw, 300px\" \/>Liebe Sportlerinnen, liebe Sportler,<\/p>\n<p>wie in den vergangenen Jahren veranstalten wir gemeinsam die \u201eNorddeutsche Meisterschaft\u201c.<\/p>\n<p>&nbsp;<\/p>\n<p>Wir haben dazu Folgendes festgelegt:<\/p>\n<p>Es finden 3 Rennen statt. Diese werden von den Vereinen SSV-SO, NSC &amp; SSCN ausgerichtet. Dazu beachtet bitte die Ausschreibung der einzelnen Vereine. Die Ausschreibungen k\u00f6nnen je nach Gegebenheiten der Vereine unterschiedlich sein.<\/p>\n<p>Die Meldungen der Starter\/innen der veranstaltenden Vereine haben Vorrang. Alle anderen Starter werden nach Eingang der Anmeldung nachgeordnet.<\/p>\n<ul>\n<li>Die Gesamtauswertung findet nach Norwegerpunkten statt.<\/li>\n<li>3 der besten Rennen kommen in die Wertung. Es m\u00fcssen zumindest 2 Rennen gefahren werden.<\/li>\n<li>Nur die Rennklassen ab 3 Startern kommen in die Wertung der Vereine und somit in die Norwegerpunktwertung.<\/li>\n<li>Es gelten die Rennregeln des IFFS. Helm und Handschuhe sind Pflicht in allen Klassen, au\u00dfer CC D und CC H. Wir empfehlen zum Eigenschutz das Tragen einer Schutzbrille.<\/li>\n<\/ul>\n<p>&nbsp;<\/p>\n<p style=\"text-align: center;\"><a href=\"http:\/\/www.sscn.de\/wp-content\/uploads\/2018\/09\/NDM2018-19_Gemeinsame-Ausschreibung.pdf\" target=\"_blank\" rel=\"noopener\"><span style=\"font-size: 18pt;\"><strong><span style=\"text-decoration: underline;\">Gemeinsame-Ausschreibung NDM 2018-2019 <\/span><\/strong><\/span><\/a><\/p>\n<p>&nbsp;<\/p>\n<p>Die Rennen:<\/p>\n<p>1. <a href=\"https:\/\/ssv-suedoldenburg.de\/\" target=\"_blank\" rel=\"noopener\">SSVS S\u00fcdoldenburg: Str\u00f6hen am 20. und 21. Oktober 2018<\/a><\/p>\n<p>2. <a href=\"http:\/\/www.sscn.de\/event\/dwergter-sand-landal-park-2018\/\" target=\"_blank\" rel=\"noopener\">SSCN: Dwergter Sand\/Landal Park am 1. und 2. Dezember 2018<\/a><\/p>\n<p>3. <a href=\"http:\/\/www.nscev-online.de\/\" target=\"_blank\" rel=\"noopener\">NSC: Lehmkuhlen am 15. und 16. Dezember 18<\/a><\/p>\n<p>Die Siegerehrung der Norddeutschen Meisterschaft findet in Lehmkuhlen statt.<\/p>\n<p>&nbsp;<\/p>\n<p>Wir freuen uns wieder auf ein rege Teilnahme und faire Wettk\u00e4mpfe!<\/p>\n<p>&nbsp;<\/p>\n<p>&nbsp;<\/p>\n<p>Es gilt die VDSV Tierschutzverordnung, Impfschutz f\u00fcr alle g\u00e4ngigen Hundeinfektionen m\u00fcssen vorhanden sein.<br \/>\nInsbesondere empfehlen wir zus\u00e4tzlich, vor der Rennsaison, die nasale Impfung gegen Zwingerhusten.<br \/>\nEs gelten die Vorschriften zum Impfen des IFSS.<\/p>\n<p><b>Welpen ohne Grundimmunisierung d\u00fcrfen nicht mitgebracht werden.<\/b><\/p>\n<p>&nbsp;<\/p>\n<p>&nbsp;<\/p>\n<p>&nbsp;<\/p>\n<p>&nbsp;<\/p>\n<p>&nbsp;<\/p>\n","protected":false},"excerpt":{"rendered":"<p>Liebe Sportlerinnen, liebe Sportler, wie in den vergangenen Jahren veranstalten wir gemeinsam die \u201eNorddeutsche Meisterschaft\u201c. &nbsp; Wir haben dazu Folgendes festgelegt: Es finden 3 Rennen statt. Diese werden von den [&hellip;]<\/p>\n","protected":false},"author":1,"featured_media":0,"parent":0,"menu_order":0,"comment_status":"closed","ping_status":"closed","template":"","meta":{"pgc_sgb_lightbox_settings":"","_EventAllDay":false,"_EventTimezone":"","_EventStartDate":"","_EventEndDate":"","_EventStartDateUTC":"","_EventEndDateUTC":"","_EventShowMap":false,"_EventShowMapLink":false,"_EventURL":"","_EventCost":"","_EventCostDescription":"","_EventCurrencySymbol":"","_EventCurrencyCode":"","_EventCurrencyPosition":"","_EventDateTimeSeparator":"","_EventTimeRangeSeparator":"","_EventOrganizerID":[],"_EventVenueID":[],"_OrganizerEmail":"","_OrganizerPhone":"","_OrganizerWebsite":"","_VenueAddress":"","_VenueCity":"","_VenueCountry":"","_VenueProvince":"","_VenueState":"","_VenueZip":"","_VenuePhone":"","_VenueURL":"","_VenueStateProvince":"","_VenueLat":"","_VenueLng":"","_VenueShowMap":false,"_VenueShowMapLink":false,"jetpack_post_was_ever_published":false,"footnotes":""},"class_list":["post-2793","page","type-page","status-publish","hentry"],"jetpack_sharing_enabled":true,"jetpack_shortlink":"https:\/\/wp.me\/P90V96-J3","jetpack_likes_enabled":true,"_links":{"self":[{"href":"https:\/\/www.sscn.de\/index.php?rest_route=\/wp\/v2\/pages\/2793","targetHints":{"allow":["GET"]}}],"collection":[{"href":"https:\/\/www.sscn.de\/index.php?rest_route=\/wp\/v2\/pages"}],"about":[{"href":"https:\/\/www.sscn.de\/index.php?rest_route=\/wp\/v2\/types\/page"}],"author":[{"embeddable":true,"href":"https:\/\/www.sscn.de\/index.php?rest_route=\/wp\/v2\/users\/1"}],"replies":[{"embeddable":true,"href":"https:\/\/www.sscn.de\/index.php?rest_route=%2Fwp%2Fv2%2Fcomments&post=2793"}],"version-history":[{"count":2,"href":"https:\/\/www.sscn.de\/index.php?rest_route=\/wp\/v2\/pages\/2793\/revisions"}],"predecessor-version":[{"id":2796,"href":"https:\/\/www.sscn.de\/index.php?rest_route=\/wp\/v2\/pages\/2793\/revisions\/2796"}],"wp:attachment":[{"href":"https:\/\/www.sscn.de\/index.php?rest_route=%2Fwp%2Fv2%2Fmedia&parent=2793"}],"curies":[{"name":"wp","href":"https:\/\/api.w.org\/{rel}","templated":true}]}}