{"id":31,"date":"2017-07-26T14:09:40","date_gmt":"2017-07-26T14:09:40","guid":{"rendered":"http:\/\/sscn.de\/?page_id=31"},"modified":"2025-06-18T13:01:58","modified_gmt":"2025-06-18T12:01:58","slug":"aufnahmeantrag","status":"publish","type":"page","link":"https:\/\/www.sscn.de\/?page_id=31","title":{"rendered":"Aufnahme in den Verein"},"content":{"rendered":"<div id=\"fb-root\"><\/div>\n<p>Den Aufnahmeantrag bitte ausgef\u00fcllt und unterschrieben per E-Mail oder per Post an die Gesch\u00e4ftsstelle senden.<br \/>Falls zuvor noch Fragen zum Verein usw. bestehen beantworten wir diese nat\u00fcrlich gerne!<\/p>\n\n\n<div style=\"height:38px\" aria-hidden=\"true\" class=\"wp-block-spacer\"><\/div>\n\n\n\n<div class=\"wp-block-columns are-vertically-aligned-center is-layout-flex wp-container-core-columns-is-layout-9d6595d7 wp-block-columns-is-layout-flex\">\n<div class=\"wp-block-column is-vertically-aligned-center is-layout-flow wp-block-column-is-layout-flow\" style=\"flex-basis:100%\">\n<div data-wp-interactive=\"core\/file\" class=\"wp-block-file aligncenter\"><object data-wp-bind--hidden=\"!state.hasPdfPreview\" hidden class=\"wp-block-file__embed\" data=\"https:\/\/www.sscn.de\/wp-content\/uploads\/2025\/06\/SSCN-Aufnahmeantrag-2025.pdf\" type=\"application\/pdf\" style=\"width:100%;height:600px\" aria-label=\"Einbettung von SSCN-Aufnahmeantrag-2025.\"><\/object><a id=\"wp-block-file--media-631d497c-919a-4d67-93fc-05da768bb295\" href=\"https:\/\/www.sscn.de\/wp-content\/uploads\/2025\/06\/SSCN-Aufnahmeantrag-2025.pdf\">SSCN-Aufnahmeantrag-2025<\/a><a href=\"https:\/\/www.sscn.de\/wp-content\/uploads\/2025\/06\/SSCN-Aufnahmeantrag-2025.pdf\" class=\"wp-block-file__button wp-element-button\" download aria-describedby=\"wp-block-file--media-631d497c-919a-4d67-93fc-05da768bb295\">Herunterladen<\/a><\/div>\n<\/div>\n<\/div>\n\n\n\n<div style=\"height:281px\" aria-hidden=\"true\" class=\"wp-block-spacer\"><\/div>\n","protected":false},"excerpt":{"rendered":"<p>Den Aufnahmeantrag bitte ausgef\u00fcllt und unterschrieben per E-Mail oder per Post an die Gesch\u00e4ftsstelle senden.Falls zuvor noch Fragen zum Verein usw. bestehen beantworten wir diese nat\u00fcrlich gerne!<\/p>\n","protected":false},"author":1,"featured_media":146,"parent":0,"menu_order":0,"comment_status":"closed","ping_status":"closed","template":"","meta":{"pgc_sgb_lightbox_settings":"","_EventAllDay":false,"_EventTimezone":"","_EventStartDate":"","_EventEndDate":"","_EventStartDateUTC":"","_EventEndDateUTC":"","_EventShowMap":false,"_EventShowMapLink":false,"_EventURL":"","_EventCost":"","_EventCostDescription":"","_EventCurrencySymbol":"","_EventCurrencyCode":"","_EventCurrencyPosition":"","_EventDateTimeSeparator":"","_EventTimeRangeSeparator":"","_EventOrganizerID":[],"_EventVenueID":[],"_OrganizerEmail":"","_OrganizerPhone":"","_OrganizerWebsite":"","_VenueAddress":"","_VenueCity":"","_VenueCountry":"","_VenueProvince":"","_VenueState":"","_VenueZip":"","_VenuePhone":"","_VenueURL":"","_VenueStateProvince":"","_VenueLat":"","_VenueLng":"","_VenueShowMap":false,"_VenueShowMapLink":false,"jetpack_post_was_ever_published":false,"footnotes":""},"class_list":["post-31","page","type-page","status-publish","has-post-thumbnail","hentry"],"jetpack_sharing_enabled":true,"jetpack_shortlink":"https:\/\/wp.me\/P90V96-v","jetpack_likes_enabled":true,"_links":{"self":[{"href":"https:\/\/www.sscn.de\/index.php?rest_route=\/wp\/v2\/pages\/31","targetHints":{"allow":["GET"]}}],"collection":[{"href":"https:\/\/www.sscn.de\/index.php?rest_route=\/wp\/v2\/pages"}],"about":[{"href":"https:\/\/www.sscn.de\/index.php?rest_route=\/wp\/v2\/types\/page"}],"author":[{"embeddable":true,"href":"https:\/\/www.sscn.de\/index.php?rest_route=\/wp\/v2\/users\/1"}],"replies":[{"embeddable":true,"href":"https:\/\/www.sscn.de\/index.php?rest_route=%2Fwp%2Fv2%2Fcomments&post=31"}],"version-history":[{"count":20,"href":"https:\/\/www.sscn.de\/index.php?rest_route=\/wp\/v2\/pages\/31\/revisions"}],"predecessor-version":[{"id":29748,"href":"https:\/\/www.sscn.de\/index.php?rest_route=\/wp\/v2\/pages\/31\/revisions\/29748"}],"wp:featuredmedia":[{"embeddable":true,"href":"https:\/\/www.sscn.de\/index.php?rest_route=\/wp\/v2\/media\/146"}],"wp:attachment":[{"href":"https:\/\/www.sscn.de\/index.php?rest_route=%2Fwp%2Fv2%2Fmedia&parent=31"}],"curies":[{"name":"wp","href":"https:\/\/api.w.org\/{rel}","templated":true}]}}