{"id":36,"date":"2017-07-26T14:09:40","date_gmt":"2017-07-26T14:09:40","guid":{"rendered":"http:\/\/sscn.de\/?page_id=36"},"modified":"2025-06-17T19:38:03","modified_gmt":"2025-06-17T18:38:03","slug":"musherlizenzen","status":"publish","type":"page","link":"https:\/\/www.sscn.de\/?page_id=36","title":{"rendered":"Musherlizenzen"},"content":{"rendered":"<div id=\"fb-root\"><\/div>\n\n<p><span style=\"font-family: Arial; font-size: 14pt;\"><span class=\"fontstyle0\"><b>Rennlizenzen<\/b><\/span><\/span><\/p>\n\n\n\n<p><span style=\"font-family: Arial;\"><span class=\"fontstyle0\"><b><br><\/b><\/span><span class=\"fontstyle2\"><span style=\"font-size: medium;\">An alle Mitglieder zur Erinnerung:<br>Die Kosten der Freischaltung sind auch im kommenden Winter gestaffelt!<br><\/span><\/span><\/span><span style=\"font-family: Arial;\"><span class=\"fontstyle2\"><span style=\"font-size: medium;\">Detaillierte Informationen, sowie sonstige Kosten findet Ihr auf der Webseite des <a href=\"https:\/\/vdsv.de\/beitraege\/\">VDSV<\/a>.<br><\/span><\/span><\/span><\/p>\n\n\n\n<p class=\"has-very-light-gray-background-color has-background\"><a aria-label=\" (opens in a new tab)\" href=\"https:\/\/vdsv.de\/wp-content\/uploads\/Antrag-auf-Erteilung-einer-Musherlizenz.pdf\" target=\"_blank\" rel=\"noreferrer noopener\">Antrag auf Erteilung einer Musherlizenz<\/a> und die<br><a aria-label=\" (opens in a new tab)\" href=\"https:\/\/vdsv.de\/wp-content\/uploads\/Einwilligung-in-Bild-und-Filmaufnahmen.pdf\" target=\"_blank\" rel=\"noreferrer noopener\">Einwilligung in Bild und Filmaufnahmen<\/a> ausf\u00fcllen und an die SSCN-Gesch\u00e4ftstelle schicken: <br><br>SSCN Gesch\u00e4ftsstelle<br>Sabrina Werneke<br>Krokusweg 19<br>33415 Verl<br>geschaeftsstelle@sscn.de<br><br>Hierbei bitte die <a aria-label=\" (opens in a new tab)\" href=\"https:\/\/vdsv.de\/wp-content\/uploads\/Datenschutzinformation-zur-Musherlizenz.pdf\" target=\"_blank\" rel=\"noreferrer noopener\">Datenschutzinformation zur Musherlizenz beachten.<\/a><br><br><strong>Die Antr\u00e4ge m\u00fcssen nur einmalig gestellt werden und sind bis auf Widerruf g\u00fcltig. Wer den Antrag und die Einwilligung also schon in der letzten Saison gestellt hat braucht dieses also nicht noch einmal zu tun und muss nur die weiter unten aufgef\u00fchrte Freischaltungsgeb\u00fchr auf das SSCN-Konto \u00fcberweisen.<\/strong><br><\/p>\n\n\n\n<div style=\"height:62px\" aria-hidden=\"true\" class=\"wp-block-spacer\"><\/div>\n\n\n\n<p class=\"has-very-light-gray-background-color has-background\">\u00dcberweisung der Freischaltungsgeb\u00fchren auf das SSCN-Konto mit dem Vermerk <strong>Rennlizenz und dem Namen<\/strong> <strong>des Sportlers<\/strong>.<br>Da die Kassenstelle etwas Zeit f\u00fcr die Meldung an den VDSV braucht, sind die \u00dcberweisungen bis zum <strong>24.08. <\/strong>zu machen!<\/p>\n\n\n\n<figure class=\"wp-block-table NormalTable is-style-stripes\"><table><tbody><tr><td><span class=\"fontstyle2\">Freischaltungsgeb\u00fchren: <\/span><\/td><td><\/td><td><span class=\"fontstyle2\">Zahlungseingang SSCN-Konto:<\/span><\/td><\/tr><tr><td>01-.08.<span class=\"fontstyle2\"> &#8211; 15.09 <\/span><\/td><td>35 \u20ac <\/td><td><span class=\"fontstyle0\"><b>24.08.<\/b><\/span><\/td><\/tr><tr><td><span class=\"fontstyle2\">16.09. &#8211; 30.11.<\/span><\/td><td>40\u20ac<\/td><\/tr><tr><td><span class=\"fontstyle2\">01.12. &#8211; 31.01.<\/span><\/td><td>50\u20ac<\/td><\/tr><tr><td><span class=\"fontstyle2\">01.02. &#8211; 31.07.<\/span><\/td><td>60\u20ac<\/td><\/tr><\/tbody><\/table><\/figure>\n\n\n\n<p><span style=\"font-family: Arial;\"><span class=\"fontstyle2\"><span style=\"font-size: medium;\"><strong>Jugendliche sind frei.<\/strong><\/span><br><\/span><\/span><\/p>\n\n\n\n<div style=\"height:100px\" aria-hidden=\"true\" class=\"wp-block-spacer\"><\/div>\n\n\n\n<p><b><u class=\"remove-format\">Bankverbindung :<\/u><\/b><\/p>\n\n\n\n<figure class=\"wp-block-table aligncenter\"><table><tbody><tr><td><strong>Schlittenhunde Sportclub Niedersachsen e.V.<\/strong><\/td><\/tr><tr><td><br><strong>IBAN:<\/strong> DE83 2505 0000 0002 5082 81<\/td><\/tr><tr><td><strong>SWIFT:<\/strong> NOLADE2HXXX<\/td><\/tr><\/tbody><\/table><\/figure>\n\n\n\n<div style=\"height:20px\" aria-hidden=\"true\" class=\"wp-block-spacer\"><\/div>\n\n\n\n<p><\/p>\n\n\n\n<div style=\"height:146px\" aria-hidden=\"true\" class=\"wp-block-spacer\"><\/div>\n\n\n\n<p><\/p>\n\n\n\n<p><\/p>\n","protected":false},"excerpt":{"rendered":"<p>Rennlizenzen An alle Mitglieder zur Erinnerung:Die Kosten der Freischaltung sind auch im kommenden Winter gestaffelt!Detaillierte Informationen, sowie sonstige Kosten findet Ihr auf der Webseite des VDSV. Antrag auf Erteilung einer [&hellip;]<\/p>\n","protected":false},"author":1,"featured_media":0,"parent":0,"menu_order":0,"comment_status":"open","ping_status":"closed","template":"","meta":{"pgc_sgb_lightbox_settings":"","_EventAllDay":false,"_EventTimezone":"","_EventStartDate":"","_EventEndDate":"","_EventStartDateUTC":"","_EventEndDateUTC":"","_EventShowMap":false,"_EventShowMapLink":false,"_EventURL":"","_EventCost":"","_EventCostDescription":"","_EventCurrencySymbol":"","_EventCurrencyCode":"","_EventCurrencyPosition":"","_EventDateTimeSeparator":"","_EventTimeRangeSeparator":"","_EventOrganizerID":[],"_EventVenueID":[],"_OrganizerEmail":"","_OrganizerPhone":"","_OrganizerWebsite":"","_VenueAddress":"","_VenueCity":"","_VenueCountry":"","_VenueProvince":"","_VenueState":"","_VenueZip":"","_VenuePhone":"","_VenueURL":"","_VenueStateProvince":"","_VenueLat":"","_VenueLng":"","_VenueShowMap":false,"_VenueShowMapLink":false,"jetpack_post_was_ever_published":false,"footnotes":""},"class_list":["post-36","page","type-page","status-publish","hentry"],"jetpack_sharing_enabled":true,"jetpack_shortlink":"https:\/\/wp.me\/P90V96-A","jetpack_likes_enabled":true,"_links":{"self":[{"href":"https:\/\/www.sscn.de\/index.php?rest_route=\/wp\/v2\/pages\/36","targetHints":{"allow":["GET"]}}],"collection":[{"href":"https:\/\/www.sscn.de\/index.php?rest_route=\/wp\/v2\/pages"}],"about":[{"href":"https:\/\/www.sscn.de\/index.php?rest_route=\/wp\/v2\/types\/page"}],"author":[{"embeddable":true,"href":"https:\/\/www.sscn.de\/index.php?rest_route=\/wp\/v2\/users\/1"}],"replies":[{"embeddable":true,"href":"https:\/\/www.sscn.de\/index.php?rest_route=%2Fwp%2Fv2%2Fcomments&post=36"}],"version-history":[{"count":28,"href":"https:\/\/www.sscn.de\/index.php?rest_route=\/wp\/v2\/pages\/36\/revisions"}],"predecessor-version":[{"id":29742,"href":"https:\/\/www.sscn.de\/index.php?rest_route=\/wp\/v2\/pages\/36\/revisions\/29742"}],"wp:attachment":[{"href":"https:\/\/www.sscn.de\/index.php?rest_route=%2Fwp%2Fv2%2Fmedia&parent=36"}],"curies":[{"name":"wp","href":"https:\/\/api.w.org\/{rel}","templated":true}]}}