{"id":8148,"date":"2022-09-05T17:56:36","date_gmt":"2022-09-05T16:56:36","guid":{"rendered":"http:\/\/www.sscn.de\/?page_id=8148"},"modified":"2022-09-28T00:12:28","modified_gmt":"2022-09-27T23:12:28","slug":"03-09-2022-wildpark-lueneburger-heide-thementag-vom-wolf-zum-hund","status":"publish","type":"page","link":"https:\/\/www.sscn.de\/?page_id=8148","title":{"rendered":"03.09.2022 \u2013 Wildpark L\u00fcneburger Heide &#8211;        Thementag: Vom Wolf zum Hund"},"content":{"rendered":"<div id=\"fb-root\"><\/div>\n\n<div class=\"wp-block-media-text alignwide is-stacked-on-mobile\"><figure class=\"wp-block-media-text__media\"><img data-recalc-dims=\"1\" loading=\"lazy\" decoding=\"async\" width=\"780\" height=\"585\" data-attachment-id=\"8155\" data-permalink=\"https:\/\/www.sscn.de\/?attachment_id=8155\" data-orig-file=\"https:\/\/i0.wp.com\/www.sscn.de\/wp-content\/uploads\/2022\/09\/IMG_20220903_124918-1-scaled.jpg?fit=2560%2C1920&amp;ssl=1\" data-orig-size=\"2560,1920\" data-comments-opened=\"1\" data-image-meta=\"{&quot;aperture&quot;:&quot;1.69&quot;,&quot;credit&quot;:&quot;&quot;,&quot;camera&quot;:&quot;Mi 10&quot;,&quot;caption&quot;:&quot;&quot;,&quot;created_timestamp&quot;:&quot;1662209358&quot;,&quot;copyright&quot;:&quot;&quot;,&quot;focal_length&quot;:&quot;6.72&quot;,&quot;iso&quot;:&quot;74&quot;,&quot;shutter_speed&quot;:&quot;0.01&quot;,&quot;title&quot;:&quot;&quot;,&quot;orientation&quot;:&quot;1&quot;}\" data-image-title=\"IMG_20220903_124918-1\" data-image-description=\"\" data-image-caption=\"\" data-large-file=\"https:\/\/i0.wp.com\/www.sscn.de\/wp-content\/uploads\/2022\/09\/IMG_20220903_124918-1-scaled.jpg?fit=780%2C585&amp;ssl=1\" src=\"https:\/\/i0.wp.com\/www.sscn.de\/wp-content\/uploads\/2022\/09\/IMG_20220903_124918-1.jpg?resize=780%2C585\" alt=\"\" class=\"wp-image-8155 size-full\" srcset=\"https:\/\/i0.wp.com\/www.sscn.de\/wp-content\/uploads\/2022\/09\/IMG_20220903_124918-1-scaled.jpg?resize=1024%2C768&amp;ssl=1 1024w, https:\/\/i0.wp.com\/www.sscn.de\/wp-content\/uploads\/2022\/09\/IMG_20220903_124918-1-scaled.jpg?resize=300%2C225&amp;ssl=1 300w, https:\/\/i0.wp.com\/www.sscn.de\/wp-content\/uploads\/2022\/09\/IMG_20220903_124918-1-scaled.jpg?resize=768%2C576&amp;ssl=1 768w, https:\/\/i0.wp.com\/www.sscn.de\/wp-content\/uploads\/2022\/09\/IMG_20220903_124918-1-scaled.jpg?resize=1536%2C1152&amp;ssl=1 1536w, https:\/\/i0.wp.com\/www.sscn.de\/wp-content\/uploads\/2022\/09\/IMG_20220903_124918-1-scaled.jpg?resize=2048%2C1536&amp;ssl=1 2048w, https:\/\/i0.wp.com\/www.sscn.de\/wp-content\/uploads\/2022\/09\/IMG_20220903_124918-1-scaled.jpg?resize=800%2C600&amp;ssl=1 800w, https:\/\/i0.wp.com\/www.sscn.de\/wp-content\/uploads\/2022\/09\/IMG_20220903_124918-1-scaled.jpg?w=2340 2340w\" sizes=\"auto, (max-width: 780px) 100vw, 780px\" \/><\/figure><div class=\"wp-block-media-text__content\">\n<p>Nach langer pandemiebedingter Pause freuten wir uns sehr, \u00fcber die Einladung zum Wolfstag vom Wildpark L\u00fcneburger Heide.<br>Unsere Vereinsmitglieder Daniela Hellberg, Jennifer Rohden, Joleena Rohden und Dennis Rohden haben also ihre Hunde und alles an Equipment, was auffindbar war eingepackt und haben in Hanstedt einen sch\u00f6nen Tag zwischen all den Wildtieren verbracht.<\/p>\n\n\n\n<p><\/p>\n\n\n\n<p><\/p>\n\n\n\n<p><\/p>\n<\/div><\/div>\n\n\n\n<p><\/p>\n\n\n\n<div class=\"wp-block-media-text alignwide is-stacked-on-mobile\" style=\"grid-template-columns:36% auto\"><figure class=\"wp-block-media-text__media\"><img data-recalc-dims=\"1\" loading=\"lazy\" decoding=\"async\" width=\"768\" height=\"1024\" data-attachment-id=\"8151\" data-permalink=\"https:\/\/www.sscn.de\/?attachment_id=8151\" data-orig-file=\"https:\/\/i0.wp.com\/www.sscn.de\/wp-content\/uploads\/2022\/09\/IMG_20220905_010441.jpg?fit=800%2C1067&amp;ssl=1\" data-orig-size=\"800,1067\" data-comments-opened=\"1\" data-image-meta=\"{&quot;aperture&quot;:&quot;0&quot;,&quot;credit&quot;:&quot;&quot;,&quot;camera&quot;:&quot;&quot;,&quot;caption&quot;:&quot;&quot;,&quot;created_timestamp&quot;:&quot;0&quot;,&quot;copyright&quot;:&quot;&quot;,&quot;focal_length&quot;:&quot;0&quot;,&quot;iso&quot;:&quot;0&quot;,&quot;shutter_speed&quot;:&quot;0&quot;,&quot;title&quot;:&quot;&quot;,&quot;orientation&quot;:&quot;0&quot;}\" data-image-title=\"IMG_20220905_010441\" data-image-description=\"\" data-image-caption=\"\" data-large-file=\"https:\/\/i0.wp.com\/www.sscn.de\/wp-content\/uploads\/2022\/09\/IMG_20220905_010441.jpg?fit=768%2C1024&amp;ssl=1\" src=\"https:\/\/i0.wp.com\/www.sscn.de\/wp-content\/uploads\/2022\/09\/IMG_20220905_010441.jpg?resize=768%2C1024\" alt=\"\" class=\"wp-image-8151 size-full\" srcset=\"https:\/\/i0.wp.com\/www.sscn.de\/wp-content\/uploads\/2022\/09\/IMG_20220905_010441.jpg?resize=768%2C1024&amp;ssl=1 768w, https:\/\/i0.wp.com\/www.sscn.de\/wp-content\/uploads\/2022\/09\/IMG_20220905_010441.jpg?resize=225%2C300&amp;ssl=1 225w, https:\/\/i0.wp.com\/www.sscn.de\/wp-content\/uploads\/2022\/09\/IMG_20220905_010441.jpg?resize=450%2C600&amp;ssl=1 450w, https:\/\/i0.wp.com\/www.sscn.de\/wp-content\/uploads\/2022\/09\/IMG_20220905_010441.jpg?w=800&amp;ssl=1 800w\" sizes=\"auto, (max-width: 768px) 100vw, 768px\" \/><\/figure><div class=\"wp-block-media-text__content\">\n<p><\/p>\n\n\n\n<p>Das Wetter spielte mit und somit war der Park sehr gut besucht. Unsere Wiese, wo wir standen, lag genau an dem Rundweg durch den Park und somit kamen nat\u00fcrlich auch fast alle Besucher bei uns vorbei.<br>Gro\u00df und Klein waren fasziniert von den Hunden und freuten sich riesig \u00fcber die M\u00f6glichkeit, sie zu streicheln und zu kraulen. Manche holten sich auch gewollt oder ungewollt ein K\u00fcsschen ab, aber alle gingen mit einem L\u00e4cheln und strahlenden Augen weiter. Die Hunde haben sich auch sehr \u00fcber so viel Aufmerksamkeit und die ganzen tollen Streicheleinheiten gefreut.<\/p>\n<\/div><\/div>\n\n\n\n<div class=\"wp-block-media-text alignwide is-stacked-on-mobile\" style=\"grid-template-columns:47% auto\"><figure class=\"wp-block-media-text__media\"><img data-recalc-dims=\"1\" loading=\"lazy\" decoding=\"async\" width=\"780\" height=\"585\" data-attachment-id=\"8153\" data-permalink=\"https:\/\/www.sscn.de\/?attachment_id=8153\" data-orig-file=\"https:\/\/i0.wp.com\/www.sscn.de\/wp-content\/uploads\/2022\/09\/IMG_20220903_124931-scaled.jpg?fit=2560%2C1920&amp;ssl=1\" data-orig-size=\"2560,1920\" data-comments-opened=\"1\" data-image-meta=\"{&quot;aperture&quot;:&quot;1.69&quot;,&quot;credit&quot;:&quot;&quot;,&quot;camera&quot;:&quot;Mi 10&quot;,&quot;caption&quot;:&quot;&quot;,&quot;created_timestamp&quot;:&quot;1662209371&quot;,&quot;copyright&quot;:&quot;&quot;,&quot;focal_length&quot;:&quot;6.72&quot;,&quot;iso&quot;:&quot;50&quot;,&quot;shutter_speed&quot;:&quot;0.0032154340836013&quot;,&quot;title&quot;:&quot;&quot;,&quot;orientation&quot;:&quot;1&quot;}\" data-image-title=\"IMG_20220903_124931\" data-image-description=\"\" data-image-caption=\"\" data-large-file=\"https:\/\/i0.wp.com\/www.sscn.de\/wp-content\/uploads\/2022\/09\/IMG_20220903_124931-scaled.jpg?fit=780%2C585&amp;ssl=1\" src=\"https:\/\/i0.wp.com\/www.sscn.de\/wp-content\/uploads\/2022\/09\/IMG_20220903_124931.jpg?resize=780%2C585\" alt=\"\" class=\"wp-image-8153 size-full\" srcset=\"https:\/\/i0.wp.com\/www.sscn.de\/wp-content\/uploads\/2022\/09\/IMG_20220903_124931-scaled.jpg?resize=1024%2C768&amp;ssl=1 1024w, https:\/\/i0.wp.com\/www.sscn.de\/wp-content\/uploads\/2022\/09\/IMG_20220903_124931-scaled.jpg?resize=300%2C225&amp;ssl=1 300w, https:\/\/i0.wp.com\/www.sscn.de\/wp-content\/uploads\/2022\/09\/IMG_20220903_124931-scaled.jpg?resize=768%2C576&amp;ssl=1 768w, https:\/\/i0.wp.com\/www.sscn.de\/wp-content\/uploads\/2022\/09\/IMG_20220903_124931-scaled.jpg?resize=1536%2C1152&amp;ssl=1 1536w, https:\/\/i0.wp.com\/www.sscn.de\/wp-content\/uploads\/2022\/09\/IMG_20220903_124931-scaled.jpg?resize=2048%2C1536&amp;ssl=1 2048w, https:\/\/i0.wp.com\/www.sscn.de\/wp-content\/uploads\/2022\/09\/IMG_20220903_124931-scaled.jpg?resize=800%2C600&amp;ssl=1 800w, https:\/\/i0.wp.com\/www.sscn.de\/wp-content\/uploads\/2022\/09\/IMG_20220903_124931-scaled.jpg?w=2340 2340w\" sizes=\"auto, (max-width: 780px) 100vw, 780px\" \/><\/figure><div class=\"wp-block-media-text__content\">\n<p><\/p>\n\n\n\n<p>Viele Besucher waren auch sehr interessiert an den unterschiedlichen Gef\u00e4hrten, die wir dabeihatten: Trainingswagen, Schlitten, Scooter und Bike. Wir haben auch die unterschiedlichen Geschirre und ein paar Bauchgurte zur Ansicht aufgehangen, dazu viele einlaminierte Infobl\u00e4tter mit stimmungsvollen und anschaulichen Bildern aus unserem Sport mit passendem Text.<\/p>\n\n\n\n<figure class=\"wp-block-image size-large\"><img data-recalc-dims=\"1\" loading=\"lazy\" decoding=\"async\" width=\"780\" height=\"585\" data-attachment-id=\"8154\" data-permalink=\"https:\/\/www.sscn.de\/?attachment_id=8154\" data-orig-file=\"https:\/\/i0.wp.com\/www.sscn.de\/wp-content\/uploads\/2022\/09\/IMG_20220905_001223-1.jpg?fit=2402%2C1802&amp;ssl=1\" data-orig-size=\"2402,1802\" data-comments-opened=\"1\" data-image-meta=\"{&quot;aperture&quot;:&quot;1.69&quot;,&quot;credit&quot;:&quot;&quot;,&quot;camera&quot;:&quot;Mi 10&quot;,&quot;caption&quot;:&quot;&quot;,&quot;created_timestamp&quot;:&quot;1662209358&quot;,&quot;copyright&quot;:&quot;&quot;,&quot;focal_length&quot;:&quot;6.72&quot;,&quot;iso&quot;:&quot;74&quot;,&quot;shutter_speed&quot;:&quot;0.01&quot;,&quot;title&quot;:&quot;&quot;,&quot;orientation&quot;:&quot;1&quot;}\" data-image-title=\"IMG_20220905_001223-1\" data-image-description=\"\" data-image-caption=\"\" data-large-file=\"https:\/\/i0.wp.com\/www.sscn.de\/wp-content\/uploads\/2022\/09\/IMG_20220905_001223-1.jpg?fit=780%2C585&amp;ssl=1\" src=\"https:\/\/i0.wp.com\/www.sscn.de\/wp-content\/uploads\/2022\/09\/IMG_20220905_001223-1.jpg?resize=780%2C585\" alt=\"\" class=\"wp-image-8154\" srcset=\"https:\/\/i0.wp.com\/www.sscn.de\/wp-content\/uploads\/2022\/09\/IMG_20220905_001223-1.jpg?resize=1024%2C768&amp;ssl=1 1024w, https:\/\/i0.wp.com\/www.sscn.de\/wp-content\/uploads\/2022\/09\/IMG_20220905_001223-1.jpg?resize=300%2C225&amp;ssl=1 300w, https:\/\/i0.wp.com\/www.sscn.de\/wp-content\/uploads\/2022\/09\/IMG_20220905_001223-1.jpg?resize=768%2C576&amp;ssl=1 768w, https:\/\/i0.wp.com\/www.sscn.de\/wp-content\/uploads\/2022\/09\/IMG_20220905_001223-1.jpg?resize=1536%2C1152&amp;ssl=1 1536w, https:\/\/i0.wp.com\/www.sscn.de\/wp-content\/uploads\/2022\/09\/IMG_20220905_001223-1.jpg?resize=2048%2C1536&amp;ssl=1 2048w, https:\/\/i0.wp.com\/www.sscn.de\/wp-content\/uploads\/2022\/09\/IMG_20220905_001223-1.jpg?resize=800%2C600&amp;ssl=1 800w, https:\/\/i0.wp.com\/www.sscn.de\/wp-content\/uploads\/2022\/09\/IMG_20220905_001223-1.jpg?w=2340 2340w\" sizes=\"auto, (max-width: 780px) 100vw, 780px\" \/><\/figure>\n<\/div><\/div>\n\n\n\n<figure class=\"wp-block-gallery has-nested-images columns-default is-cropped wp-block-gallery-1 is-layout-flex wp-block-gallery-is-layout-flex\">\n<figure class=\"wp-block-image size-large\"><img data-recalc-dims=\"1\" loading=\"lazy\" decoding=\"async\" width=\"780\" height=\"585\" data-attachment-id=\"8158\" data-permalink=\"https:\/\/www.sscn.de\/?attachment_id=8158\" data-orig-file=\"https:\/\/i0.wp.com\/www.sscn.de\/wp-content\/uploads\/2022\/09\/IMG_20220903_150253-scaled.jpg?fit=2560%2C1920&amp;ssl=1\" data-orig-size=\"2560,1920\" data-comments-opened=\"1\" data-image-meta=\"{&quot;aperture&quot;:&quot;1.69&quot;,&quot;credit&quot;:&quot;&quot;,&quot;camera&quot;:&quot;Mi 10&quot;,&quot;caption&quot;:&quot;&quot;,&quot;created_timestamp&quot;:&quot;1662217373&quot;,&quot;copyright&quot;:&quot;&quot;,&quot;focal_length&quot;:&quot;6.72&quot;,&quot;iso&quot;:&quot;50&quot;,&quot;shutter_speed&quot;:&quot;0.0040650406504065&quot;,&quot;title&quot;:&quot;&quot;,&quot;orientation&quot;:&quot;1&quot;}\" data-image-title=\"IMG_20220903_150253\" data-image-description=\"\" data-image-caption=\"\" data-large-file=\"https:\/\/i0.wp.com\/www.sscn.de\/wp-content\/uploads\/2022\/09\/IMG_20220903_150253-scaled.jpg?fit=780%2C585&amp;ssl=1\" data-id=\"8158\" src=\"https:\/\/i0.wp.com\/www.sscn.de\/wp-content\/uploads\/2022\/09\/IMG_20220903_150253.jpg?resize=780%2C585\" alt=\"\" class=\"wp-image-8158\" srcset=\"https:\/\/i0.wp.com\/www.sscn.de\/wp-content\/uploads\/2022\/09\/IMG_20220903_150253-scaled.jpg?resize=1024%2C768&amp;ssl=1 1024w, https:\/\/i0.wp.com\/www.sscn.de\/wp-content\/uploads\/2022\/09\/IMG_20220903_150253-scaled.jpg?resize=300%2C225&amp;ssl=1 300w, https:\/\/i0.wp.com\/www.sscn.de\/wp-content\/uploads\/2022\/09\/IMG_20220903_150253-scaled.jpg?resize=768%2C576&amp;ssl=1 768w, https:\/\/i0.wp.com\/www.sscn.de\/wp-content\/uploads\/2022\/09\/IMG_20220903_150253-scaled.jpg?resize=1536%2C1152&amp;ssl=1 1536w, https:\/\/i0.wp.com\/www.sscn.de\/wp-content\/uploads\/2022\/09\/IMG_20220903_150253-scaled.jpg?resize=2048%2C1536&amp;ssl=1 2048w, https:\/\/i0.wp.com\/www.sscn.de\/wp-content\/uploads\/2022\/09\/IMG_20220903_150253-scaled.jpg?resize=800%2C600&amp;ssl=1 800w, https:\/\/i0.wp.com\/www.sscn.de\/wp-content\/uploads\/2022\/09\/IMG_20220903_150253-scaled.jpg?w=2340 2340w\" sizes=\"auto, (max-width: 780px) 100vw, 780px\" \/><\/figure>\n\n\n\n<figure class=\"wp-block-image size-large\"><img data-recalc-dims=\"1\" loading=\"lazy\" decoding=\"async\" width=\"780\" height=\"585\" data-attachment-id=\"8157\" data-permalink=\"https:\/\/www.sscn.de\/?attachment_id=8157\" data-orig-file=\"https:\/\/i0.wp.com\/www.sscn.de\/wp-content\/uploads\/2022\/09\/IMG_20220903_152427-1-scaled.jpg?fit=2560%2C1920&amp;ssl=1\" data-orig-size=\"2560,1920\" data-comments-opened=\"1\" data-image-meta=\"{&quot;aperture&quot;:&quot;1.69&quot;,&quot;credit&quot;:&quot;&quot;,&quot;camera&quot;:&quot;Mi 10&quot;,&quot;caption&quot;:&quot;&quot;,&quot;created_timestamp&quot;:&quot;1662218667&quot;,&quot;copyright&quot;:&quot;&quot;,&quot;focal_length&quot;:&quot;6.72&quot;,&quot;iso&quot;:&quot;50&quot;,&quot;shutter_speed&quot;:&quot;0.0060606060606061&quot;,&quot;title&quot;:&quot;&quot;,&quot;orientation&quot;:&quot;1&quot;}\" data-image-title=\"IMG_20220903_152427-1\" data-image-description=\"\" data-image-caption=\"\" data-large-file=\"https:\/\/i0.wp.com\/www.sscn.de\/wp-content\/uploads\/2022\/09\/IMG_20220903_152427-1-scaled.jpg?fit=780%2C585&amp;ssl=1\" data-id=\"8157\" src=\"https:\/\/i0.wp.com\/www.sscn.de\/wp-content\/uploads\/2022\/09\/IMG_20220903_152427-1.jpg?resize=780%2C585\" alt=\"\" class=\"wp-image-8157\" srcset=\"https:\/\/i0.wp.com\/www.sscn.de\/wp-content\/uploads\/2022\/09\/IMG_20220903_152427-1-scaled.jpg?resize=1024%2C768&amp;ssl=1 1024w, https:\/\/i0.wp.com\/www.sscn.de\/wp-content\/uploads\/2022\/09\/IMG_20220903_152427-1-scaled.jpg?resize=300%2C225&amp;ssl=1 300w, https:\/\/i0.wp.com\/www.sscn.de\/wp-content\/uploads\/2022\/09\/IMG_20220903_152427-1-scaled.jpg?resize=768%2C576&amp;ssl=1 768w, https:\/\/i0.wp.com\/www.sscn.de\/wp-content\/uploads\/2022\/09\/IMG_20220903_152427-1-scaled.jpg?resize=1536%2C1152&amp;ssl=1 1536w, https:\/\/i0.wp.com\/www.sscn.de\/wp-content\/uploads\/2022\/09\/IMG_20220903_152427-1-scaled.jpg?resize=2048%2C1536&amp;ssl=1 2048w, https:\/\/i0.wp.com\/www.sscn.de\/wp-content\/uploads\/2022\/09\/IMG_20220903_152427-1-scaled.jpg?resize=800%2C600&amp;ssl=1 800w, https:\/\/i0.wp.com\/www.sscn.de\/wp-content\/uploads\/2022\/09\/IMG_20220903_152427-1-scaled.jpg?w=2340 2340w\" sizes=\"auto, (max-width: 780px) 100vw, 780px\" \/><\/figure>\n\n\n\n<figure class=\"wp-block-image size-large\"><img data-recalc-dims=\"1\" loading=\"lazy\" decoding=\"async\" width=\"768\" height=\"1024\" data-attachment-id=\"8156\" data-permalink=\"https:\/\/www.sscn.de\/?attachment_id=8156\" data-orig-file=\"https:\/\/i0.wp.com\/www.sscn.de\/wp-content\/uploads\/2022\/09\/IMG_20220905_010508.jpg?fit=866%2C1155&amp;ssl=1\" data-orig-size=\"866,1155\" data-comments-opened=\"1\" data-image-meta=\"{&quot;aperture&quot;:&quot;0&quot;,&quot;credit&quot;:&quot;&quot;,&quot;camera&quot;:&quot;&quot;,&quot;caption&quot;:&quot;&quot;,&quot;created_timestamp&quot;:&quot;0&quot;,&quot;copyright&quot;:&quot;&quot;,&quot;focal_length&quot;:&quot;0&quot;,&quot;iso&quot;:&quot;0&quot;,&quot;shutter_speed&quot;:&quot;0&quot;,&quot;title&quot;:&quot;&quot;,&quot;orientation&quot;:&quot;0&quot;}\" data-image-title=\"IMG_20220905_010508\" data-image-description=\"\" data-image-caption=\"\" data-large-file=\"https:\/\/i0.wp.com\/www.sscn.de\/wp-content\/uploads\/2022\/09\/IMG_20220905_010508.jpg?fit=768%2C1024&amp;ssl=1\" data-id=\"8156\" src=\"https:\/\/i0.wp.com\/www.sscn.de\/wp-content\/uploads\/2022\/09\/IMG_20220905_010508.jpg?resize=768%2C1024\" alt=\"\" class=\"wp-image-8156\" srcset=\"https:\/\/i0.wp.com\/www.sscn.de\/wp-content\/uploads\/2022\/09\/IMG_20220905_010508.jpg?resize=768%2C1024&amp;ssl=1 768w, https:\/\/i0.wp.com\/www.sscn.de\/wp-content\/uploads\/2022\/09\/IMG_20220905_010508.jpg?resize=225%2C300&amp;ssl=1 225w, https:\/\/i0.wp.com\/www.sscn.de\/wp-content\/uploads\/2022\/09\/IMG_20220905_010508.jpg?resize=450%2C600&amp;ssl=1 450w, https:\/\/i0.wp.com\/www.sscn.de\/wp-content\/uploads\/2022\/09\/IMG_20220905_010508.jpg?w=866&amp;ssl=1 866w\" sizes=\"auto, (max-width: 768px) 100vw, 768px\" \/><\/figure>\n<\/figure>\n\n\n\n<p><\/p>\n\n\n\n<div class=\"wp-block-media-text alignwide has-media-on-the-right is-stacked-on-mobile is-vertically-aligned-top\"><figure class=\"wp-block-media-text__media\"><img data-recalc-dims=\"1\" loading=\"lazy\" decoding=\"async\" width=\"768\" height=\"1024\" data-attachment-id=\"8159\" data-permalink=\"https:\/\/www.sscn.de\/?attachment_id=8159\" data-orig-file=\"https:\/\/i0.wp.com\/www.sscn.de\/wp-content\/uploads\/2022\/09\/IMG_20220903_155523-scaled.jpg?fit=1920%2C2560&amp;ssl=1\" data-orig-size=\"1920,2560\" data-comments-opened=\"1\" data-image-meta=\"{&quot;aperture&quot;:&quot;1.69&quot;,&quot;credit&quot;:&quot;&quot;,&quot;camera&quot;:&quot;Mi 10&quot;,&quot;caption&quot;:&quot;&quot;,&quot;created_timestamp&quot;:&quot;1662220523&quot;,&quot;copyright&quot;:&quot;&quot;,&quot;focal_length&quot;:&quot;6.72&quot;,&quot;iso&quot;:&quot;50&quot;,&quot;shutter_speed&quot;:&quot;0.0027322404371585&quot;,&quot;title&quot;:&quot;&quot;,&quot;orientation&quot;:&quot;1&quot;}\" data-image-title=\"IMG_20220903_155523\" data-image-description=\"\" data-image-caption=\"\" data-large-file=\"https:\/\/i0.wp.com\/www.sscn.de\/wp-content\/uploads\/2022\/09\/IMG_20220903_155523-scaled.jpg?fit=768%2C1024&amp;ssl=1\" src=\"https:\/\/i0.wp.com\/www.sscn.de\/wp-content\/uploads\/2022\/09\/IMG_20220903_155523.jpg?resize=768%2C1024\" alt=\"\" class=\"wp-image-8159 size-full\" srcset=\"https:\/\/i0.wp.com\/www.sscn.de\/wp-content\/uploads\/2022\/09\/IMG_20220903_155523-scaled.jpg?resize=768%2C1024&amp;ssl=1 768w, https:\/\/i0.wp.com\/www.sscn.de\/wp-content\/uploads\/2022\/09\/IMG_20220903_155523-scaled.jpg?resize=225%2C300&amp;ssl=1 225w, https:\/\/i0.wp.com\/www.sscn.de\/wp-content\/uploads\/2022\/09\/IMG_20220903_155523-scaled.jpg?resize=1152%2C1536&amp;ssl=1 1152w, https:\/\/i0.wp.com\/www.sscn.de\/wp-content\/uploads\/2022\/09\/IMG_20220903_155523-scaled.jpg?resize=1536%2C2048&amp;ssl=1 1536w, https:\/\/i0.wp.com\/www.sscn.de\/wp-content\/uploads\/2022\/09\/IMG_20220903_155523-scaled.jpg?resize=450%2C600&amp;ssl=1 450w, https:\/\/i0.wp.com\/www.sscn.de\/wp-content\/uploads\/2022\/09\/IMG_20220903_155523-scaled.jpg?w=1920&amp;ssl=1 1920w\" sizes=\"auto, (max-width: 768px) 100vw, 768px\" \/><\/figure><div class=\"wp-block-media-text__content\">\n<p><\/p>\n\n\n\n<p>Dieses Jahr gab es keine Vorf\u00fchrungen oder Vortr\u00e4ge auf der Showwiese, da der Park als Veranstalter den Wolfstag dieses Mal eher etwas im kleineren Rahmen gestaltet hatte. Somit blieb auch Zeit f\u00fcr einen Gang durch den wirklich sch\u00f6n angelegten Tierpark und einen Besuch bei den Ziegen.<\/p>\n\n\n\n<figure class=\"wp-block-gallery has-nested-images columns-default is-cropped wp-block-gallery-2 is-layout-flex wp-block-gallery-is-layout-flex\">\n<figure class=\"wp-block-image size-large\"><img data-recalc-dims=\"1\" loading=\"lazy\" decoding=\"async\" width=\"768\" height=\"1024\" data-attachment-id=\"8160\" data-permalink=\"https:\/\/www.sscn.de\/?attachment_id=8160\" data-orig-file=\"https:\/\/i0.wp.com\/www.sscn.de\/wp-content\/uploads\/2022\/09\/IMG_20220903_132605-scaled.jpg?fit=1920%2C2560&amp;ssl=1\" data-orig-size=\"1920,2560\" data-comments-opened=\"1\" data-image-meta=\"{&quot;aperture&quot;:&quot;1.69&quot;,&quot;credit&quot;:&quot;&quot;,&quot;camera&quot;:&quot;Mi 10&quot;,&quot;caption&quot;:&quot;&quot;,&quot;created_timestamp&quot;:&quot;1662211565&quot;,&quot;copyright&quot;:&quot;&quot;,&quot;focal_length&quot;:&quot;6.72&quot;,&quot;iso&quot;:&quot;50&quot;,&quot;shutter_speed&quot;:&quot;0.00053619302949062&quot;,&quot;title&quot;:&quot;&quot;,&quot;orientation&quot;:&quot;1&quot;}\" data-image-title=\"IMG_20220903_132605\" data-image-description=\"\" data-image-caption=\"\" data-large-file=\"https:\/\/i0.wp.com\/www.sscn.de\/wp-content\/uploads\/2022\/09\/IMG_20220903_132605-scaled.jpg?fit=768%2C1024&amp;ssl=1\" data-id=\"8160\" src=\"https:\/\/i0.wp.com\/www.sscn.de\/wp-content\/uploads\/2022\/09\/IMG_20220903_132605.jpg?resize=768%2C1024\" alt=\"\" class=\"wp-image-8160\" srcset=\"https:\/\/i0.wp.com\/www.sscn.de\/wp-content\/uploads\/2022\/09\/IMG_20220903_132605-scaled.jpg?resize=768%2C1024&amp;ssl=1 768w, https:\/\/i0.wp.com\/www.sscn.de\/wp-content\/uploads\/2022\/09\/IMG_20220903_132605-scaled.jpg?resize=225%2C300&amp;ssl=1 225w, https:\/\/i0.wp.com\/www.sscn.de\/wp-content\/uploads\/2022\/09\/IMG_20220903_132605-scaled.jpg?resize=1152%2C1536&amp;ssl=1 1152w, https:\/\/i0.wp.com\/www.sscn.de\/wp-content\/uploads\/2022\/09\/IMG_20220903_132605-scaled.jpg?resize=1536%2C2048&amp;ssl=1 1536w, https:\/\/i0.wp.com\/www.sscn.de\/wp-content\/uploads\/2022\/09\/IMG_20220903_132605-scaled.jpg?resize=450%2C600&amp;ssl=1 450w, https:\/\/i0.wp.com\/www.sscn.de\/wp-content\/uploads\/2022\/09\/IMG_20220903_132605-scaled.jpg?w=1920&amp;ssl=1 1920w\" sizes=\"auto, (max-width: 768px) 100vw, 768px\" \/><\/figure>\n\n\n\n<figure class=\"wp-block-image size-large\"><img data-recalc-dims=\"1\" loading=\"lazy\" decoding=\"async\" width=\"768\" height=\"1024\" data-attachment-id=\"8161\" data-permalink=\"https:\/\/www.sscn.de\/?attachment_id=8161\" data-orig-file=\"https:\/\/i0.wp.com\/www.sscn.de\/wp-content\/uploads\/2022\/09\/IMG_20220903_155530-scaled.jpg?fit=1920%2C2560&amp;ssl=1\" data-orig-size=\"1920,2560\" data-comments-opened=\"1\" data-image-meta=\"{&quot;aperture&quot;:&quot;1.69&quot;,&quot;credit&quot;:&quot;&quot;,&quot;camera&quot;:&quot;Mi 10&quot;,&quot;caption&quot;:&quot;&quot;,&quot;created_timestamp&quot;:&quot;1662220530&quot;,&quot;copyright&quot;:&quot;&quot;,&quot;focal_length&quot;:&quot;6.72&quot;,&quot;iso&quot;:&quot;50&quot;,&quot;shutter_speed&quot;:&quot;0.0087719298245614&quot;,&quot;title&quot;:&quot;&quot;,&quot;orientation&quot;:&quot;1&quot;}\" data-image-title=\"IMG_20220903_155530\" data-image-description=\"\" data-image-caption=\"\" data-large-file=\"https:\/\/i0.wp.com\/www.sscn.de\/wp-content\/uploads\/2022\/09\/IMG_20220903_155530-scaled.jpg?fit=768%2C1024&amp;ssl=1\" data-id=\"8161\" src=\"https:\/\/i0.wp.com\/www.sscn.de\/wp-content\/uploads\/2022\/09\/IMG_20220903_155530.jpg?resize=768%2C1024\" alt=\"\" class=\"wp-image-8161\" srcset=\"https:\/\/i0.wp.com\/www.sscn.de\/wp-content\/uploads\/2022\/09\/IMG_20220903_155530-scaled.jpg?resize=768%2C1024&amp;ssl=1 768w, https:\/\/i0.wp.com\/www.sscn.de\/wp-content\/uploads\/2022\/09\/IMG_20220903_155530-scaled.jpg?resize=225%2C300&amp;ssl=1 225w, https:\/\/i0.wp.com\/www.sscn.de\/wp-content\/uploads\/2022\/09\/IMG_20220903_155530-scaled.jpg?resize=1152%2C1536&amp;ssl=1 1152w, https:\/\/i0.wp.com\/www.sscn.de\/wp-content\/uploads\/2022\/09\/IMG_20220903_155530-scaled.jpg?resize=1536%2C2048&amp;ssl=1 1536w, https:\/\/i0.wp.com\/www.sscn.de\/wp-content\/uploads\/2022\/09\/IMG_20220903_155530-scaled.jpg?resize=450%2C600&amp;ssl=1 450w, https:\/\/i0.wp.com\/www.sscn.de\/wp-content\/uploads\/2022\/09\/IMG_20220903_155530-scaled.jpg?w=1920&amp;ssl=1 1920w\" sizes=\"auto, (max-width: 768px) 100vw, 768px\" \/><\/figure>\n<\/figure>\n\n\n\n<p>Zum sp\u00e4ten Nachmittag nahm der Andrang der Besucher deutlich ab. Also bauten wir unser Lager ganz in Ruhe ab, verabschiedeten uns und fuhren zufrieden nach Hause.&nbsp;<\/p>\n\n\n\n<p><\/p>\n<\/div><\/div>\n\n\n\n<p class=\"has-text-align-center\">Wir hoffen, dass unsere Anwesenheit im Tierpark einige Menschen bereichert hat und w\u00fcrden uns freuen, auch im n\u00e4chsten Jahr wieder mit dabei zu sein!<\/p>\n\n\n\n<p><\/p>\n\n\n\n<p><\/p>\n\n\n\n<p><\/p>\n\n\n\n<p><\/p>\n\n\n\n<p><\/p>\n\n\n\n<p><\/p>\n","protected":false},"excerpt":{"rendered":"<p>Nach langer pandemiebedingter Pause freuten wir uns sehr, \u00fcber die Einladung zum Wolfstag vom Wildpark L\u00fcneburger Heide.Unsere Vereinsmitglieder Daniela Hellberg, Jennifer Rohden, Joleena Rohden und Dennis Rohden haben also ihre [&hellip;]<\/p>\n","protected":false},"author":7,"featured_media":0,"parent":0,"menu_order":0,"comment_status":"open","ping_status":"closed","template":"page-full.php","meta":{"pgc_sgb_lightbox_settings":"","_EventAllDay":false,"_EventTimezone":"","_EventStartDate":"","_EventEndDate":"","_EventStartDateUTC":"","_EventEndDateUTC":"","_EventShowMap":false,"_EventShowMapLink":false,"_EventURL":"","_EventCost":"","_EventCostDescription":"","_EventCurrencySymbol":"","_EventCurrencyCode":"","_EventCurrencyPosition":"","_EventDateTimeSeparator":"","_EventTimeRangeSeparator":"","_EventOrganizerID":[],"_EventVenueID":[],"_OrganizerEmail":"","_OrganizerPhone":"","_OrganizerWebsite":"","_VenueAddress":"","_VenueCity":"","_VenueCountry":"","_VenueProvince":"","_VenueState":"","_VenueZip":"","_VenuePhone":"","_VenueURL":"","_VenueStateProvince":"","_VenueLat":"","_VenueLng":"","_VenueShowMap":false,"_VenueShowMapLink":false,"jetpack_post_was_ever_published":false,"footnotes":""},"class_list":["post-8148","page","type-page","status-publish","hentry"],"jetpack_sharing_enabled":true,"jetpack_shortlink":"https:\/\/wp.me\/P90V96-27q","jetpack_likes_enabled":true,"_links":{"self":[{"href":"https:\/\/www.sscn.de\/index.php?rest_route=\/wp\/v2\/pages\/8148","targetHints":{"allow":["GET"]}}],"collection":[{"href":"https:\/\/www.sscn.de\/index.php?rest_route=\/wp\/v2\/pages"}],"about":[{"href":"https:\/\/www.sscn.de\/index.php?rest_route=\/wp\/v2\/types\/page"}],"author":[{"embeddable":true,"href":"https:\/\/www.sscn.de\/index.php?rest_route=\/wp\/v2\/users\/7"}],"replies":[{"embeddable":true,"href":"https:\/\/www.sscn.de\/index.php?rest_route=%2Fwp%2Fv2%2Fcomments&post=8148"}],"version-history":[{"count":12,"href":"https:\/\/www.sscn.de\/index.php?rest_route=\/wp\/v2\/pages\/8148\/revisions"}],"predecessor-version":[{"id":8179,"href":"https:\/\/www.sscn.de\/index.php?rest_route=\/wp\/v2\/pages\/8148\/revisions\/8179"}],"wp:attachment":[{"href":"https:\/\/www.sscn.de\/index.php?rest_route=%2Fwp%2Fv2%2Fmedia&parent=8148"}],"curies":[{"name":"wp","href":"https:\/\/api.w.org\/{rel}","templated":true}]}}